{"id":306,"date":"2016-06-01T00:31:58","date_gmt":"2016-06-01T00:31:58","guid":{"rendered":"https:\/\/nybackstretchpension.com\/enbienvenido-a-ny-backstretch-employees-pension-trustes-bienvenido-a-ny-backstretch-plan-de-pensiones-de-los-empleados\/"},"modified":"2022-05-03T05:08:50","modified_gmt":"2022-05-03T05:08:50","slug":"enbienvenido-a-ny-backstretch-employees-pension-trustes-bienvenido-a-ny-backstretch-plan-de-pensiones-de-los-empleados","status":"publish","type":"page","link":"https:\/\/nybackstretchpension.com\/es\/","title":{"rendered":"Bienvenido a NY Backstretch Employees Pension Trust"},"content":{"rendered":"<div id=\"dslc-theme-content\"><div id=\"dslc-theme-content-inner\"><p><b>Bienvenido a NY Backstretch Employees Pension Trust<\/b><\/p>\n<p>Este sitio web brinda informaci\u00f3n sobre el Fideicomiso de Pensiones para Empleados de NY Backstretch y enumera los recursos que est\u00e1n disponibles para brindarle informaci\u00f3n detallada.<\/p>\n<p>Aseg\u00farese de obtener orientaci\u00f3n espec\u00edfica del Administrador del Plan en la oficina de Pensiones.&nbsp;El n\u00famero de tel\u00e9fono es&nbsp;<img decoding=\"async\" src=\"data:image\/png;base64,iVBORw0KGgoAAAANSUhEUgAAAF8AAAARCAYAAAC7HnDpAAABYWlDQ1BrQ0dDb2xvclNwYWNlRGlzcGxheVAzAAAokWNgYFJJLCjIYWFgYMjNKykKcndSiIiMUmB\/yMAOhLwMYgwKicnFBY4BAT5AJQwwGhV8u8bACKIv64LMOiU1tUm1XsDXYqbw1YuvRJsw1aMArpTU4mQg\/QeIU5MLikoYGBhTgGzl8pICELsDyBYpAjoKyJ4DYqdD2BtA7CQI+whYTUiQM5B9A8hWSM5IBJrB+API1klCEk9HYkPtBQFul8zigpzESoUAYwKuJQOUpFaUgGjn\/ILKosz0jBIFR2AopSp45iXr6SgYGRiaMzCAwhyi+nMgOCwZxc4gxJrvMzDY7v\/\/\/\/9uhJjXfgaGjUCdXDsRYhoWDAyC3AwMJ3YWJBYlgoWYgZgpLY2B4dNyBgbeSAYG4QtAPdHFacZGYHlGHicGBtZ7\/\/9\/VmNgYJ\/MwPB3wv\/\/vxf9\/\/93MVDzHQaGA3kAFSFl7jXH0fsAAAA4ZVhJZk1NACoAAAAIAAGHaQAEAAAAAQAAABoAAAAAAAKgAgAEAAAAAQAAAF+gAwAEAAAAAQAAABEAAAAAsTksWQAABzlJREFUWAntmFdoVU0QxyfJtZfYSzSaGHtHje1BxZbkIUasiGIXe0UFC3YJER9EIgrJSywxIoj6oKKIXRS72MDesPcSNeq6v4E9HO8XTQIf+mAG7s05O1tmZ\/7zn7kJMVakUP6KB0L\/yqmFh6oHCp3\/F4EQcGdfv35dqlevLsWKFZNr167JmzdvJCQkRGClhg0bSqVKldxUefHihbx69Uqio6MlLCzMG+fh9u3bcv\/+fd2nefPmuse9e\/ekfv36P83L7eXmzZsSCASkdu3aqv7y5YtcuXJFbcG2evXq6X4oP3\/+LJcuXZL3799LRESE1K1b19Pltjdj7Mc9IyMjpWzZsjrtzp078vDhQylatKjuX65cOR3n3nfv3pUHDx5I8eLFVRceHq46vljDXRlr1KiR2u0p8\/kQtsjKsWPHZNWqVdK1a1d5+vSpzJs3T27cuKEfLogzuCCyb98+1TPeqVMnNYzxb9++ybp162Tr1q3y4cMHdUqtWrU0OAsWLJBSpUpJnTp1mJqrXL58WQYMGCCvX7+W7t27a3BZxzlv376VnTt3yq1bt6R9+\/b6PmfOHLXv5cuXsm3bNnUUut8Jtg0dOlT3ADgZGRmSlZWldz5\/\/rye0bp1aw3Mxo0bZfPmzWrPwYMH5cCBAxIbG6v3OH78uCxdulRBhu8AF+tCQwtIJBYNZubMmWbTpk3UXnPy5Ekzbdo0Yy9lvn79qh\/rWNVZRBvrELN27VozY8YMYx2l43xZA018fLyxyPLG3LodO3aYsWPHGotST+d\/+Pjxo5k1a5bp16+fSU5OVtWhQ4dMnz59zLt37\/T93LlzxgZb30+cOGF69OihtqE8fPiwSUxMNDYjdW5uX6yZMGGC6dKli7GO1CnW4caiW5+zs7PN+PHjTXp6ur5fvHjRWKfqM\/ccOXKk2bt3r+FOU6dONZmZmXr+o0ePTK9evcypU6d0bkG+Qp8\/f67oatu2rYLGOlxKly4t5cuXV9RCKy6ioB80tmnTRnJycn4C2Z49e6R3796a\/k7h1rVq1UqRSarmJuvXr5eKFStKt27dlE6YU6FCBaU8UIWATKgLCsA2aALKQKDJGjVqeFmog74vqAmUk1lkMXdEWrRoIWQnwr6cCZ0hzZo1U3riGYqCXlgHM2BThw4d1D\/VqlVT2jl9+jRTCyShFy5cUL6qWbOmLiTFLfpl0qRJMmXKFNmwYYPnaJxJMKCYYIGmMHLu3Lkybtw4TVk4FqlataqULFlSgxy8jpQ+e\/asnofOIke+f\/8uTZs2FYtEtWHgwIFy5MgRsVmhthIEi2KZOHGi9O\/fX+1dvHixnhG8P++rV6+WBg0aSOfOnT3nBs+Dv7GjY8eOwSq5evWqUhzcTi202ejVDCZTJ34FrP9s5hsItWkjlStX9lADr02ePFlGjBghcXFxsmvXLq0HvjW5PlKEjx49qugfMmSI7N69W7Zs2aJzixQpIiDk2bNnP63lbEt3GixqAvNANEHmggQGLqUWWVqQ7du3a+CpKZaW1FGWfrQGoAOZZAN1gkJNEC0lyePHj8VShZ4NeEC5X6gb8+fPl759+0rLli39KnXqsmXLJCkpSaKiorRo0xTw8cunT5\/8r\/l6DmAMHyekv+VP96opbmuy2Lrw224C5+F0R1+kOsXM8riUKFFCz3A0xOY4hqKGYyi2fCwvewWOzoeOas2aNXouRZhs5C9BJjgpKSlqZ7t27WThwoWKbOgPGsLBto4o6qEWgkxW0b0wh3uCZPZZsWKFdnTDhw\/X\/dwXOgor9OR0ZDB70xi4jgkKdvTl1ubnb4B2EiQ5wSl+J5FmOC8vgSZIXbgQwXEExCGEi3CWExzBGv7S0oF6LsQ8\/pIVVapU8dZQb+B6OBnepV10QlbRCoN8h3B02GCbAKGukRFkFRlElgIOKHbJkiVaL6ZPn+62079kA8El88aMGePpCBpnwfs4HMdD3cOGDdM52ID\/\/D70Fgc9BOjhQQWGcjnoAhQSVTh7\/\/79urHfcXA+l8BxTgYPHizLly8X27kIKUhLOnv2bHUqDsUB9OJOyLaEhAT9uDG4mUygcNPXc\/m0tDR1zpkzZxSttIjQEEinUOMIMgHeRecX7jN69Gj\/kNAa2i5KaAJwKnel\/bQdnN4XasEusoyAsSc6nEqt6dmzp+pTU1PFdkRqb5kyZTTr8BdFHSqkHuUlYStXrlxkWy+NIp0AP7JAOw4EuRhGofILCKK7wDBHWaCUegGKEdKUrgjhgrYV073Y81eCLiYmRn9T0ADgIILx5MkTady4sYwaNUqzEKSzN2dRR+Bp7KRLy0sISJMmTXQfwAP4QKn7QUnHw485HEnHwxwHPBoH7gxdcX8yEJ\/RGLgfZwSCddiYl4TYzeltlSfht\/xQTF6b+vWkJftS1EGTu4h\/zr\/6rD\/JKIpwGSj7vwW6oUANGjSo0PFBzlXkB40Vvv4hDxTwnxF\/yKp\/5Jgf2oeBtQiIfSIAAAAASUVORK5CYII=\" alt=\"pastedGraphic.png\"><br \/>\nPara informaci\u00f3n de contacto haga clic&nbsp;<a href=\"https:\/\/nybackstretchpension.com\/contact\/\">aqu\u00ed<\/a>&nbsp;.<\/p>\n<p>Para preguntas comunes sobre el plan, haga clic&nbsp;<a href=\"https:\/\/nybackstretchpension.com\/plan-faqs\/\">aqu\u00ed<\/a>&nbsp;.<\/p>\n<p><b>Noticias Importantes:<\/b><\/p>\n<ul>\n<li><a href=\"https:\/\/nybackstretchpension.com\/wp-content\/uploads\/2016\/06\/AFN-2021-AFN-English-Final.pdf\">Aviso de financiaci\u00f3n anual de 2021 (versi\u00f3n en ingl\u00e9s)<\/a><\/li>\n<li><a href=\"https:\/\/nybackstretchpension.com\/wp-content\/uploads\/2016\/06\/2021-AFN-Spanish%2520Version.pdf\">Aviso de Financiamiento Anual 2021 (Versi\u00f3n en Espa\u00f1ol)<\/a><\/li>\n<\/ul>\n<p><b>* Para abrir documentos de referencia en este sitio web, es posible que deba desactivar el bloqueador de ventanas emergentes de su navegador.&nbsp;Las instrucciones para realizar esta tarea se pueden encontrar buscando en la web instrucciones sobre c\u00f3mo desactivar el bloqueador de ventanas emergentes para su navegador en particular.<\/b><\/p>\n<\/div><\/div>","protected":false},"excerpt":{"rendered":"<p>Bienvenido a NY Backstretch Employees Pension Trust Este sitio web brinda informaci\u00f3n sobre el Fideicomiso de Pensiones para Empleados de NY Backstretch y enumera los recursos que est\u00e1n disponibles para brindarle informaci\u00f3n detallada. Aseg\u00farese de obtener orientaci\u00f3n espec\u00edfica del Administrador del Plan en la oficina de Pensiones.&nbsp;El n\u00famero de tel\u00e9fono es&nbsp; Para informaci\u00f3n de contacto &hellip; <a href=\"https:\/\/nybackstretchpension.com\/es\/\" class=\"more-link\">Continuar leyendo<span class=\"screen-reader-text\"> \"Bienvenido a NY Backstretch Employees Pension Trust\"<\/span><\/a><\/p>\n","protected":false},"author":1,"featured_media":0,"parent":0,"menu_order":0,"comment_status":"closed","ping_status":"closed","template":"","meta":{"nf_dc_page":"","footnotes":""},"class_list":["post-306","page","type-page","status-publish","hentry"],"_links":{"self":[{"href":"https:\/\/nybackstretchpension.com\/es\/wp-json\/wp\/v2\/pages\/306","targetHints":{"allow":["GET"]}}],"collection":[{"href":"https:\/\/nybackstretchpension.com\/es\/wp-json\/wp\/v2\/pages"}],"about":[{"href":"https:\/\/nybackstretchpension.com\/es\/wp-json\/wp\/v2\/types\/page"}],"author":[{"embeddable":true,"href":"https:\/\/nybackstretchpension.com\/es\/wp-json\/wp\/v2\/users\/1"}],"replies":[{"embeddable":true,"href":"https:\/\/nybackstretchpension.com\/es\/wp-json\/wp\/v2\/comments?post=306"}],"version-history":[{"count":5,"href":"https:\/\/nybackstretchpension.com\/es\/wp-json\/wp\/v2\/pages\/306\/revisions"}],"predecessor-version":[{"id":353,"href":"https:\/\/nybackstretchpension.com\/es\/wp-json\/wp\/v2\/pages\/306\/revisions\/353"}],"wp:attachment":[{"href":"https:\/\/nybackstretchpension.com\/es\/wp-json\/wp\/v2\/media?parent=306"}],"curies":[{"name":"wp","href":"https:\/\/api.w.org\/{rel}","templated":true}]}}