{"id":303,"date":"2016-06-01T00:41:02","date_gmt":"2016-06-01T00:41:02","guid":{"rendered":"https:\/\/nybackstretchpension.com\/preguntas-frecuentes-sobre-planes\/"},"modified":"2022-05-02T18:49:23","modified_gmt":"2022-05-02T18:49:23","slug":"preguntas-frecuentes-sobre-planes","status":"publish","type":"page","link":"https:\/\/nybackstretchpension.com\/es\/preguntas-frecuentes-sobre-planes\/","title":{"rendered":"Preguntas frecuentes sobre planes"},"content":{"rendered":"<div id=\"dslc-theme-content\"><div id=\"dslc-theme-content-inner\"><div class=\"faqsPageL\">\n<p>Elegibilidad: usted es elegible si es asistente de entrenador, capataz\/mujer, pony boy\/girl, jinete de ejercicio, caminador caliente, mozo de cuadra o vigilante que trabaja para un entrenador de caballos o un propietario asignado a un establo en Aqueduct, Belmont o Saratoga.<\/p>\n<p>Monto de la pensi\u00f3n: su pensi\u00f3n se basa en la duraci\u00f3n de su servicio despu\u00e9s de haber completado ciertos requisitos m\u00ednimos de servicio.<\/p>\n<p>Adquisici\u00f3n: su pensi\u00f3n se convierte en \"adquirida\" (suya) despu\u00e9s de cinco a\u00f1os de servicio (10 a\u00f1os si trabaj\u00f3 por \u00faltima vez antes de 1989).<\/p>\n<p>Cu\u00e1ndo es pagadera la pensi\u00f3n: normalmente, su pensi\u00f3n se vuelve pagadera al jubilarse a la edad normal de jubilaci\u00f3n (65) o antes en determinadas circunstancias.<\/p>\n<p><b>M\u00e1s informaci\u00f3n:<\/b><br \/>\nHaga clic\u00a0<a href=\"https:\/\/nybackstretchpension.com\/plans\/\">aqu\u00ed<\/a>\u00a0para obtener materiales que brindan informaci\u00f3n m\u00e1s espec\u00edfica y detallada.<\/p>\n<\/div>\n<div class=\"faqspageR\"><img decoding=\"async\" class=\"alignnone size-full wp-image-47\" style=\"float: right; margin: 0 0 0 15px;\" src=\"https:\/\/nybackstretchpension.com\/wp-content\/uploads\/2016\/06\/20160607_152153.jpg\" alt=\"about-1\" \/><br \/>\n<img decoding=\"async\" class=\"alignnone size-medium wp-image-48\" style=\"float: right; margin: 0 0 0 15px;\" src=\"https:\/\/nybackstretchpension.com\/wp-content\/uploads\/2016\/06\/20160607_152323.jpg\" alt=\"about-2\" \/><\/div>\n<\/div><\/div>","protected":false},"excerpt":{"rendered":"<p>Elegibilidad: usted es elegible si es asistente de entrenador, capataz\/mujer, pony boy\/girl, jinete de ejercicio, caminador caliente, mozo de cuadra o vigilante que trabaja para un entrenador de caballos o un propietario asignado a un establo en Aqueduct, Belmont o Saratoga. Monto de la pensi\u00f3n: su pensi\u00f3n se basa en la duraci\u00f3n de su servicio &hellip; <a href=\"https:\/\/nybackstretchpension.com\/es\/preguntas-frecuentes-sobre-planes\/\" class=\"more-link\">Continuar leyendo<span class=\"screen-reader-text\"> \"Preguntas frecuentes sobre planes\"<\/span><\/a><\/p>\n","protected":false},"author":1,"featured_media":0,"parent":0,"menu_order":0,"comment_status":"closed","ping_status":"closed","template":"","meta":{"nf_dc_page":"","footnotes":""},"class_list":["post-303","page","type-page","status-publish","hentry"],"_links":{"self":[{"href":"https:\/\/nybackstretchpension.com\/es\/wp-json\/wp\/v2\/pages\/303","targetHints":{"allow":["GET"]}}],"collection":[{"href":"https:\/\/nybackstretchpension.com\/es\/wp-json\/wp\/v2\/pages"}],"about":[{"href":"https:\/\/nybackstretchpension.com\/es\/wp-json\/wp\/v2\/types\/page"}],"author":[{"embeddable":true,"href":"https:\/\/nybackstretchpension.com\/es\/wp-json\/wp\/v2\/users\/1"}],"replies":[{"embeddable":true,"href":"https:\/\/nybackstretchpension.com\/es\/wp-json\/wp\/v2\/comments?post=303"}],"version-history":[{"count":3,"href":"https:\/\/nybackstretchpension.com\/es\/wp-json\/wp\/v2\/pages\/303\/revisions"}],"predecessor-version":[{"id":352,"href":"https:\/\/nybackstretchpension.com\/es\/wp-json\/wp\/v2\/pages\/303\/revisions\/352"}],"wp:attachment":[{"href":"https:\/\/nybackstretchpension.com\/es\/wp-json\/wp\/v2\/media?parent=303"}],"curies":[{"name":"wp","href":"https:\/\/api.w.org\/{rel}","templated":true}]}}