{"id":302,"date":"2016-06-01T00:42:58","date_gmt":"2016-06-01T00:42:58","guid":{"rendered":"https:\/\/nybackstretchpension.com\/enplan-materialsesmateriales-del-plan\/"},"modified":"2022-05-02T18:47:59","modified_gmt":"2022-05-02T18:47:59","slug":"enplan-materialsesmateriales-del-plan","status":"publish","type":"page","link":"https:\/\/nybackstretchpension.com\/es\/enplan-materialsesmateriales-del-plan\/","title":{"rendered":"Materiales del plan"},"content":{"rendered":"<div id=\"dslc-theme-content\"><div id=\"dslc-theme-content-inner\"><div class=\"faqsPageL\">\n<ul>\n<li><a href=\"https:\/\/nybackstretchpension.com\/wp-content\/uploads\/2016\/06\/NY%2520Backstretch%2520SPD%25202020.pdf\">Descripci\u00f3n resumida del plan - Versi\u00f3n en ingl\u00e9s<\/a><\/li>\n<li><a href=\"https:\/\/nybackstretchpension.com\/wp-content\/uploads\/2016\/06\/NY-Backstretch-Spanish-SPD-2020-TSG-Es.pdf\">Descripci\u00f3n resumida del plan - Versi\u00f3n en espa\u00f1ol<\/a><\/li>\n<li><a href=\"https:\/\/nybackstretchpension.com\/wp-content\/uploads\/2016\/06\/AFN-2021-AFN-English-Final.pdf\">Aviso de financiaci\u00f3n anual de 2021 - Versi\u00f3n en ingl\u00e9s<\/a><\/li>\n<li><a href=\"https:\/\/nybackstretchpension.com\/wp-content\/uploads\/2016\/06\/2021-AFN-Spanish%2520Version.pdf\">Aviso de Financiamiento Anual 2021 \u2013 Versi\u00f3n en Espa\u00f1ol<\/a><\/li>\n<\/ul>\n<p><b>* Para abrir documentos de referencia en este sitio web, es posible que deba desactivar el bloqueador de ventanas emergentes de su navegador.\u00a0Las instrucciones para realizar esta tarea se pueden encontrar buscando en la web instrucciones sobre c\u00f3mo desactivar el bloqueador de ventanas emergentes para su navegador en particular.<\/b><\/p>\n<\/div>\n<div class=\"faqspageR\"><img decoding=\"async\" class=\"alignnone size-full wp-image-47\" style=\"float: right; margin: 0 0 0 15px;\" src=\"https:\/\/nybackstretchpension.com\/wp-content\/uploads\/2016\/06\/20160607_152459.jpg\" alt=\"about-1\" \/><img decoding=\"async\" class=\"alignnone size-medium wp-image-48\" style=\"float: right; margin: 0 0 0 15px;\" src=\"https:\/\/nybackstretchpension.com\/wp-content\/uploads\/2016\/06\/20160607_152617.jpg\" alt=\"about-2\" \/><\/div>\n<\/div><\/div>","protected":false},"excerpt":{"rendered":"<p>Descripci\u00f3n resumida del plan - Versi\u00f3n en ingl\u00e9s Descripci\u00f3n resumida del plan - Versi\u00f3n en espa\u00f1ol Aviso de financiaci\u00f3n anual de 2021 - Versi\u00f3n en ingl\u00e9s Aviso de Financiamiento Anual 2021 \u2013 Versi\u00f3n en Espa\u00f1ol * Para abrir documentos de referencia en este sitio web, es posible que deba desactivar el bloqueador de ventanas emergentes &hellip; <a href=\"https:\/\/nybackstretchpension.com\/es\/enplan-materialsesmateriales-del-plan\/\" class=\"more-link\">Continuar leyendo<span class=\"screen-reader-text\"> \"Materiales del plan\"<\/span><\/a><\/p>\n","protected":false},"author":1,"featured_media":0,"parent":0,"menu_order":0,"comment_status":"closed","ping_status":"closed","template":"","meta":{"nf_dc_page":"","footnotes":""},"class_list":["post-302","page","type-page","status-publish","hentry"],"_links":{"self":[{"href":"https:\/\/nybackstretchpension.com\/es\/wp-json\/wp\/v2\/pages\/302","targetHints":{"allow":["GET"]}}],"collection":[{"href":"https:\/\/nybackstretchpension.com\/es\/wp-json\/wp\/v2\/pages"}],"about":[{"href":"https:\/\/nybackstretchpension.com\/es\/wp-json\/wp\/v2\/types\/page"}],"author":[{"embeddable":true,"href":"https:\/\/nybackstretchpension.com\/es\/wp-json\/wp\/v2\/users\/1"}],"replies":[{"embeddable":true,"href":"https:\/\/nybackstretchpension.com\/es\/wp-json\/wp\/v2\/comments?post=302"}],"version-history":[{"count":3,"href":"https:\/\/nybackstretchpension.com\/es\/wp-json\/wp\/v2\/pages\/302\/revisions"}],"predecessor-version":[{"id":350,"href":"https:\/\/nybackstretchpension.com\/es\/wp-json\/wp\/v2\/pages\/302\/revisions\/350"}],"wp:attachment":[{"href":"https:\/\/nybackstretchpension.com\/es\/wp-json\/wp\/v2\/media?parent=302"}],"curies":[{"name":"wp","href":"https:\/\/api.w.org\/{rel}","templated":true}]}}