{"id":301,"date":"2016-06-01T00:43:49","date_gmt":"2016-06-01T00:43:49","guid":{"rendered":"https:\/\/nybackstretchpension.com\/encontactoescontacto\/"},"modified":"2022-05-02T18:36:52","modified_gmt":"2022-05-02T18:36:52","slug":"encontactoescontacto","status":"publish","type":"page","link":"https:\/\/nybackstretchpension.com\/es\/encontactoescontacto\/","title":{"rendered":"Contacto"},"content":{"rendered":"<div id=\"dslc-theme-content\"><div id=\"dslc-theme-content-inner\"><div class=\"faqsPageL\">\n<p>La oficina del Fideicomiso de Pensiones para Empleados de NY Backstretch est\u00e1 ubicada en:<\/p>\n<p>2150 HEMPSTEAD TURNPIKE, ELMONT, NY 11003 \u2013 CASA 31A \u2013 GRANERO ENFRENTE 25<\/p>\n<p>Tel\u00e9fono: (516) 488-4220<br \/>\nFax: (516) 488-4221<\/p>\n<p>Si tiene alguna pregunta sobre el estado de su pensi\u00f3n,<br \/>\nenv\u00edenos un correo electr\u00f3nico a:\u00a0<a href=\"mailto:administrator@nybackstretchpension.com\">administrator@nybackstretchpension.com<\/a><\/p>\n<p>Horario de oficina \u2013 Lunes a viernes, de 9:00 am a 4:00 pm<\/p>\n<p>Los miembros del personal que hablan espa\u00f1ol est\u00e1n disponibles de 9 am a 4 pm.<\/p>\n<p>Direcci\u00f3n postal:<br \/>\n260 ELMONT ROAD, #030304, ELMONT, NY 11003-0304<\/p>\n<\/div>\n<div class=\"faqspageR\"><img decoding=\"async\" class=\"alignnone size-full wp-image-47\" style=\"float: right; margin: 0 0 0 15px;\" src=\"https:\/\/nybackstretchpension.com\/wp-content\/uploads\/2016\/06\/20160607_152717.jpg\" alt=\"about-1\" \/><img decoding=\"async\" class=\"alignnone size-medium wp-image-48\" style=\"float: right; margin: 0 0 0 15px;\" src=\"https:\/\/nybackstretchpension.com\/wp-content\/uploads\/2016\/06\/20160607_152924.jpg\" alt=\"about-2\" \/><\/div>\n<\/div><\/div>","protected":false},"excerpt":{"rendered":"<p>La oficina del Fideicomiso de Pensiones para Empleados de NY Backstretch est\u00e1 ubicada en: 2150 HEMPSTEAD TURNPIKE, ELMONT, NY 11003 \u2013 CASA 31A \u2013 GRANERO ENFRENTE 25 Tel\u00e9fono: (516) 488-4220 Fax: (516) 488-4221 Si tiene alguna pregunta sobre el estado de su pensi\u00f3n, env\u00edenos un correo electr\u00f3nico a:\u00a0administrator@nybackstretchpension.com Horario de oficina \u2013 Lunes a viernes, &hellip; <a href=\"https:\/\/nybackstretchpension.com\/es\/encontactoescontacto\/\" class=\"more-link\">Continuar leyendo<span class=\"screen-reader-text\"> \"Contacto\"<\/span><\/a><\/p>\n","protected":false},"author":1,"featured_media":0,"parent":0,"menu_order":0,"comment_status":"closed","ping_status":"closed","template":"","meta":{"nf_dc_page":"","footnotes":""},"class_list":["post-301","page","type-page","status-publish","hentry"],"_links":{"self":[{"href":"https:\/\/nybackstretchpension.com\/es\/wp-json\/wp\/v2\/pages\/301","targetHints":{"allow":["GET"]}}],"collection":[{"href":"https:\/\/nybackstretchpension.com\/es\/wp-json\/wp\/v2\/pages"}],"about":[{"href":"https:\/\/nybackstretchpension.com\/es\/wp-json\/wp\/v2\/types\/page"}],"author":[{"embeddable":true,"href":"https:\/\/nybackstretchpension.com\/es\/wp-json\/wp\/v2\/users\/1"}],"replies":[{"embeddable":true,"href":"https:\/\/nybackstretchpension.com\/es\/wp-json\/wp\/v2\/comments?post=301"}],"version-history":[{"count":6,"href":"https:\/\/nybackstretchpension.com\/es\/wp-json\/wp\/v2\/pages\/301\/revisions"}],"predecessor-version":[{"id":348,"href":"https:\/\/nybackstretchpension.com\/es\/wp-json\/wp\/v2\/pages\/301\/revisions\/348"}],"wp:attachment":[{"href":"https:\/\/nybackstretchpension.com\/es\/wp-json\/wp\/v2\/media?parent=301"}],"curies":[{"name":"wp","href":"https:\/\/api.w.org\/{rel}","templated":true}]}}